{"id":23,"date":"2020-02-25T13:15:53","date_gmt":"2020-02-25T06:15:53","guid":{"rendered":"http:\/\/vienthong.muathemedep.vn\/?page_id=23"},"modified":"2020-02-25T17:19:43","modified_gmt":"2020-02-25T10:19:43","slug":"vtracking-dinh-vi-o-to","status":"publish","type":"page","link":"https:\/\/webvienthong1.vidoweb.vn\/?page_id=23","title":{"rendered":"Vtracking &#8211; \u0110\u1ecbnh v\u1ecb \u00f4 t\u00f4"},"content":{"rendered":"\t<section class=\"section san-pham-section dark\" id=\"section_1220936183\">\n\t\t<div class=\"bg section-bg fill bg-fill  \" >\n\n\t\t\t\n\t\t\t\n\t\t\t\n\n\t\t<\/div>\n\n\t\t\n\n\t\t<div class=\"section-content relative\">\n\t\t\t\n<div class=\"row\"  id=\"row-4333663\">\n\n\t<div id=\"col-2069189691\" class=\"col small-12 large-12\"  >\n\t\t\t\t<div class=\"col-inner\"  >\n\t\t\t\n\t\t\t\n<h2 style=\"text-align: center;\"><span style=\"font-size: 120%;\">VTRACKING \u2013 \u0110\u1ecaNH V\u1eca \u00d4 T\u00d4<\/span><\/h2>\n\t\t<\/div>\n\t\t\t\t\t<\/div>\n\n\t\n<\/div>\n\t\t<\/div>\n\n\t\t\n<style>\n#section_1220936183 {\n  padding-top: 52px;\n  padding-bottom: 52px;\n}\n#section_1220936183 .section-bg.bg-loaded {\n  background-image: url(https:\/\/webvienthong1.vidoweb.vn\/wp-content\/uploads\/2020\/02\/bg-gioi-thieu.jpg);\n}\n#section_1220936183 .ux-shape-divider--top svg {\n  height: 150px;\n  --divider-top-width: 100%;\n}\n#section_1220936183 .ux-shape-divider--bottom svg {\n  height: 150px;\n  --divider-width: 100%;\n}\n<\/style>\n\t<\/section>\n\t\n\t<section class=\"section\" id=\"section_902575926\">\n\t\t<div class=\"bg section-bg fill bg-fill  bg-loaded\" >\n\n\t\t\t\n\t\t\t\n\t\t\t\n\n\t\t<\/div>\n\n\t\t\n\n\t\t<div class=\"section-content relative\">\n\t\t\t\n<div class=\"row\"  id=\"row-524294869\">\n\n\t<div id=\"col-1047101777\" class=\"col small-12 large-12\"  >\n\t\t\t\t<div class=\"col-inner\"  >\n\t\t\t\n\t\t\t\n<p>N\u1ed9i dung \u0111ang \u0111\u01b0\u1ee3c c\u1eadp nh\u1eadt&#8230;<\/p>\n\t\t<\/div>\n\t\t\t\t\t<\/div>\n\n\t\n<\/div>\n\t\t<\/div>\n\n\t\t\n<style>\n#section_902575926 {\n  padding-top: 46px;\n  padding-bottom: 46px;\n}\n#section_902575926 .ux-shape-divider--top svg {\n  height: 150px;\n  --divider-top-width: 100%;\n}\n#section_902575926 .ux-shape-divider--bottom svg {\n  height: 150px;\n  --divider-width: 100%;\n}\n<\/style>\n\t<\/section>\n\t\n\t<section class=\"section san-pham-section\" id=\"section_1788770476\">\n\t\t<div class=\"bg section-bg fill bg-fill  bg-loaded\" >\n\n\t\t\t\n\t\t\t\n\t\t\t\n\n\t\t<\/div>\n\n\t\t\n\n\t\t<div class=\"section-content relative\">\n\t\t\t\n<div class=\"row\"  id=\"row-1243437052\">\n\n\t<div id=\"col-2084825839\" class=\"col small-12 large-12\"  >\n\t\t\t\t<div class=\"col-inner\"  >\n\t\t\t\n\t\t\t\n<div class=\"container section-title-container\" ><h2 class=\"section-title section-title-center\"><b><\/b><span class=\"section-title-main\" style=\"color:rgb(255, 111, 0);\">Tin t\u1ee9c - b\u00e0i vi\u1ebft<\/span><b><\/b><\/h2><\/div>\n\t<div id=\"gap-732434457\" class=\"gap-element clearfix\" style=\"display:block; height:auto;\">\n\t\t\n<style>\n#gap-732434457 {\n  padding-top: 21px;\n}\n<\/style>\n\t<\/div>\n\t\n\n  \n    <div class=\"row list-post large-columns-3 medium-columns-1 small-columns-1 row-small slider row-slider slider-nav-simple slider-nav-outside slider-nav-push\"  data-flickity-options='{\"imagesLoaded\": true, \"groupCells\": \"100%\", \"dragThreshold\" : 5, \"cellAlign\": \"left\",\"wrapAround\": true,\"prevNextButtons\": true,\"percentPosition\": true,\"pageDots\": false, \"rightToLeft\": false, \"autoPlay\" : false}'>\n\n  <div class=\"col post-item\" >\n\t\t\t<div class=\"col-inner\">\n\t\t\t<a href=\"https:\/\/webvienthong1.vidoweb.vn\/?p=163\" class=\"plain\">\n\t\t\t\t<div class=\"box box-normal box-text-bottom box-blog-post has-hover\">\n            \t\t\t\t\t<div class=\"box-image\" >\n  \t\t\t\t\t\t<div class=\"image-zoom image-cover\" style=\"padding-top:65%;\">\n  \t\t\t\t\t\t\t<img loading=\"lazy\" decoding=\"async\" width=\"400\" height=\"263\" src=\"https:\/\/webvienthong1.vidoweb.vn\/wp-content\/uploads\/2020\/02\/post3.jpg\" class=\"attachment-original size-original wp-post-image\" alt=\"\" srcset=\"https:\/\/webvienthong1.vidoweb.vn\/wp-content\/uploads\/2020\/02\/post3.jpg 400w, https:\/\/webvienthong1.vidoweb.vn\/wp-content\/uploads\/2020\/02\/post3-300x197.jpg 300w\" sizes=\"auto, (max-width: 400px) 100vw, 400px\" \/>  \t\t\t\t\t\t\t  \t\t\t\t\t\t\t  \t\t\t\t\t\t<\/div>\n  \t\t\t\t\t\t  \t\t\t\t\t<\/div>\n          \t\t\t\t\t<div class=\"box-text text-left\" >\n\t\t\t\t\t<div class=\"box-text-inner blog-post-inner\">\n\n\t\t\t\t\t\n\t\t\t\t\t\t\t\t\t\t<h5 class=\"post-title is-large \">C\u1ea3nh b\u00e1o l\u1eeba \u0111\u1ea3o gia h\u1ea1n ch\u1ee9ng th\u01b0 s\u1ed1 Viettel-Ca<\/h5>\n\t\t\t\t\t\t\t\t\t\t<div class=\"is-divider\"><\/div>\n\t\t\t\t\t\t\t\t\t\t<p class=\"from_the_blog_excerpt \">Trong th\u1eddi gian g\u1ea7n \u0111\u00e2y, c\u00f3 m\u1ed9t s\u1ed1 \u0111\u1ed1i t\u01b0\u1ee3ng l\u1eeba \u0111\u1ea3o \u0111\u00e3 gi\u1ea3 danh ...\t\t\t\t\t<\/p>\n\t\t\t\t\t                    \n\t\t\t\t\t\n\t\t\t\t\t\n\t\t\t\t\t<\/div>\n\t\t\t\t\t<\/div>\n\t\t\t\t\t\t\t\t\t<\/div>\n\t\t\t\t<\/a>\n\t\t\t<\/div>\n\t\t<\/div><div class=\"col post-item\" >\n\t\t\t<div class=\"col-inner\">\n\t\t\t<a href=\"https:\/\/webvienthong1.vidoweb.vn\/?p=160\" class=\"plain\">\n\t\t\t\t<div class=\"box box-normal box-text-bottom box-blog-post has-hover\">\n            \t\t\t\t\t<div class=\"box-image\" >\n  \t\t\t\t\t\t<div class=\"image-zoom image-cover\" style=\"padding-top:65%;\">\n  \t\t\t\t\t\t\t<img loading=\"lazy\" decoding=\"async\" width=\"289\" height=\"175\" src=\"https:\/\/webvienthong1.vidoweb.vn\/wp-content\/uploads\/2020\/02\/images-2.jpg\" class=\"attachment-original size-original wp-post-image\" alt=\"\" \/>  \t\t\t\t\t\t\t  \t\t\t\t\t\t\t  \t\t\t\t\t\t<\/div>\n  \t\t\t\t\t\t  \t\t\t\t\t<\/div>\n          \t\t\t\t\t<div class=\"box-text text-left\" >\n\t\t\t\t\t<div class=\"box-text-inner blog-post-inner\">\n\n\t\t\t\t\t\n\t\t\t\t\t\t\t\t\t\t<h5 class=\"post-title is-large \">Th\u00f4ng b\u00e1o tri\u1ec3n khai m\u1edf r\u1ed9ng D\u1ecbch v\u1ee5 Thu\u1ebf \u0111i\u1ec7n t\u1eed (eTax Service)<\/h5>\n\t\t\t\t\t\t\t\t\t\t<div class=\"is-divider\"><\/div>\n\t\t\t\t\t\t\t\t\t\t<p class=\"from_the_blog_excerpt \">Th\u1ef1c hi\u1ec7n k\u1ebf ho\u1ea1ch tri\u1ec3n khai m\u1edf r\u1ed9ng D\u1ecbch v\u1ee5 thu\u1ebf \u0111i\u1ec7n t\u1eed (eTax), t\u1eeb ...\t\t\t\t\t<\/p>\n\t\t\t\t\t                    \n\t\t\t\t\t\n\t\t\t\t\t\n\t\t\t\t\t<\/div>\n\t\t\t\t\t<\/div>\n\t\t\t\t\t\t\t\t\t<\/div>\n\t\t\t\t<\/a>\n\t\t\t<\/div>\n\t\t<\/div><div class=\"col post-item\" >\n\t\t\t<div class=\"col-inner\">\n\t\t\t<a href=\"https:\/\/webvienthong1.vidoweb.vn\/?p=157\" class=\"plain\">\n\t\t\t\t<div class=\"box box-normal box-text-bottom box-blog-post has-hover\">\n            \t\t\t\t\t<div class=\"box-image\" >\n  \t\t\t\t\t\t<div class=\"image-zoom image-cover\" style=\"padding-top:65%;\">\n  \t\t\t\t\t\t\t<img loading=\"lazy\" decoding=\"async\" width=\"600\" height=\"433\" src=\"https:\/\/webvienthong1.vidoweb.vn\/wp-content\/uploads\/2020\/02\/ngoc.png\" class=\"attachment-original size-original wp-post-image\" alt=\"\" srcset=\"https:\/\/webvienthong1.vidoweb.vn\/wp-content\/uploads\/2020\/02\/ngoc.png 600w, https:\/\/webvienthong1.vidoweb.vn\/wp-content\/uploads\/2020\/02\/ngoc-300x217.png 300w\" sizes=\"auto, (max-width: 600px) 100vw, 600px\" \/>  \t\t\t\t\t\t\t  \t\t\t\t\t\t\t  \t\t\t\t\t\t<\/div>\n  \t\t\t\t\t\t  \t\t\t\t\t<\/div>\n          \t\t\t\t\t<div class=\"box-text text-left\" >\n\t\t\t\t\t<div class=\"box-text-inner blog-post-inner\">\n\n\t\t\t\t\t\n\t\t\t\t\t\t\t\t\t\t<h5 class=\"post-title is-large \">H\u01b0\u1edbng d\u1eabn tra c\u1ee9u th\u1eddi h\u1ea1n CTS tr\u00ean website d\u1ecbch v\u1ee5 Viettel-Ca<\/h5>\n\t\t\t\t\t\t\t\t\t\t<div class=\"is-divider\"><\/div>\n\t\t\t\t\t\t\t\t\t\t<p class=\"from_the_blog_excerpt \">\u0110\u1ec3 tra c\u1ee9u th\u1eddi gian s\u1eed d\u1ee5ng ch\u1ee9ng th\u01b0 s\u1ed1 tr\u00ean website d\u1ecbch v\u1ee5 Viettel-CA ...\t\t\t\t\t<\/p>\n\t\t\t\t\t                    \n\t\t\t\t\t\n\t\t\t\t\t\n\t\t\t\t\t<\/div>\n\t\t\t\t\t<\/div>\n\t\t\t\t\t\t\t\t\t<\/div>\n\t\t\t\t<\/a>\n\t\t\t<\/div>\n\t\t<\/div><div class=\"col post-item\" >\n\t\t\t<div class=\"col-inner\">\n\t\t\t<a href=\"https:\/\/webvienthong1.vidoweb.vn\/?p=152\" class=\"plain\">\n\t\t\t\t<div class=\"box box-normal box-text-bottom box-blog-post has-hover\">\n            \t\t\t\t\t<div class=\"box-image\" >\n  \t\t\t\t\t\t<div class=\"image-zoom image-cover\" style=\"padding-top:65%;\">\n  \t\t\t\t\t\t\t<img loading=\"lazy\" decoding=\"async\" width=\"290\" height=\"174\" src=\"https:\/\/webvienthong1.vidoweb.vn\/wp-content\/uploads\/2020\/02\/images-1.jpg\" class=\"attachment-original size-original wp-post-image\" alt=\"\" \/>  \t\t\t\t\t\t\t  \t\t\t\t\t\t\t  \t\t\t\t\t\t<\/div>\n  \t\t\t\t\t\t  \t\t\t\t\t<\/div>\n          \t\t\t\t\t<div class=\"box-text text-left\" >\n\t\t\t\t\t<div class=\"box-text-inner blog-post-inner\">\n\n\t\t\t\t\t\n\t\t\t\t\t\t\t\t\t\t<h5 class=\"post-title is-large \">Th\u1eddi h\u1ea1n n\u1ed9p t\u1edd k\u00ea khai thu\u1ebf qu\u00fd IV\/2019 v\u00e0 n\u1ed9p l\u1ec7 ph\u00ed m\u00f4n b\u00e0i n\u0103m 2020<\/h5>\n\t\t\t\t\t\t\t\t\t\t<div class=\"is-divider\"><\/div>\n\t\t\t\t\t\t\t\t\t\t<p class=\"from_the_blog_excerpt \">Theo quy \u0111\u1ecbnh c\u1ee7a T\u1ed5ng c\u1ee5c Thu\u1ebf, h\u1ea1n \u0111\u1ec3 n\u1ed9p h\u1ed3 s\u01a1 khai thu\u1ebf c\u1ee7a ...\t\t\t\t\t<\/p>\n\t\t\t\t\t                    \n\t\t\t\t\t\n\t\t\t\t\t\n\t\t\t\t\t<\/div>\n\t\t\t\t\t<\/div>\n\t\t\t\t\t\t\t\t\t<\/div>\n\t\t\t\t<\/a>\n\t\t\t<\/div>\n\t\t<\/div><div class=\"col post-item\" >\n\t\t\t<div class=\"col-inner\">\n\t\t\t<a href=\"https:\/\/webvienthong1.vidoweb.vn\/?p=149\" class=\"plain\">\n\t\t\t\t<div class=\"box box-normal box-text-bottom box-blog-post has-hover\">\n            \t\t\t\t\t<div class=\"box-image\" >\n  \t\t\t\t\t\t<div class=\"image-zoom image-cover\" style=\"padding-top:65%;\">\n  \t\t\t\t\t\t\t<img loading=\"lazy\" decoding=\"async\" width=\"300\" height=\"157\" src=\"https:\/\/webvienthong1.vidoweb.vn\/wp-content\/uploads\/2020\/02\/etax-300x157-1.jpg\" class=\"attachment-original size-original wp-post-image\" alt=\"\" \/>  \t\t\t\t\t\t\t  \t\t\t\t\t\t\t  \t\t\t\t\t\t<\/div>\n  \t\t\t\t\t\t  \t\t\t\t\t<\/div>\n          \t\t\t\t\t<div class=\"box-text text-left\" >\n\t\t\t\t\t<div class=\"box-text-inner blog-post-inner\">\n\n\t\t\t\t\t\n\t\t\t\t\t\t\t\t\t\t<h5 class=\"post-title is-large \">Th\u00f4ng b\u00e1o v\u1ec1 vi\u1ec7c tri\u1ec3n khai d\u1ecbch v\u1ee5 Thu\u1ebf \u0111i\u1ec7n t\u1eed (eTax services) cho TP. H\u1ed3 Ch\u00ed Minh<\/h5>\n\t\t\t\t\t\t\t\t\t\t<div class=\"is-divider\"><\/div>\n\t\t\t\t\t\t\t\t\t\t<p class=\"from_the_blog_excerpt \">T\u1ed4NG C\u1ee4C THU\u1ebe TH\u00d4NG B\u00c1O V\u1ec1 vi\u1ec7c chuy\u1ec3n \u0111\u1ed5i h\u1ec7 th\u1ed1ng iHTKK, NT\u0110T sang h\u1ec7 ...\t\t\t\t\t<\/p>\n\t\t\t\t\t                    \n\t\t\t\t\t\n\t\t\t\t\t\n\t\t\t\t\t<\/div>\n\t\t\t\t\t<\/div>\n\t\t\t\t\t\t\t\t\t<\/div>\n\t\t\t\t<\/a>\n\t\t\t<\/div>\n\t\t<\/div><\/div>\n\t\t<\/div>\n\t\t\t\t\t<\/div>\n\n\t\n<\/div>\n\t\t<\/div>\n\n\t\t\n<style>\n#section_1788770476 {\n  padding-top: 30px;\n  padding-bottom: 30px;\n  background-color: rgb(249, 249, 249);\n}\n#section_1788770476 .ux-shape-divider--top svg {\n  height: 150px;\n  --divider-top-width: 100%;\n}\n#section_1788770476 .ux-shape-divider--bottom svg {\n  height: 150px;\n  --divider-width: 100%;\n}\n<\/style>\n\t<\/section>\n\t\n","protected":false},"excerpt":{"rendered":"","protected":false},"author":1,"featured_media":91,"parent":80,"menu_order":0,"comment_status":"closed","ping_status":"closed","template":"page-blank.php","meta":{"footnotes":""},"yst_prominent_words":[],"class_list":["post-23","page","type-page","status-publish","has-post-thumbnail","hentry"],"_links":{"self":[{"href":"https:\/\/webvienthong1.vidoweb.vn\/index.php?rest_route=\/wp\/v2\/pages\/23","targetHints":{"allow":["GET"]}}],"collection":[{"href":"https:\/\/webvienthong1.vidoweb.vn\/index.php?rest_route=\/wp\/v2\/pages"}],"about":[{"href":"https:\/\/webvienthong1.vidoweb.vn\/index.php?rest_route=\/wp\/v2\/types\/page"}],"author":[{"embeddable":true,"href":"https:\/\/webvienthong1.vidoweb.vn\/index.php?rest_route=\/wp\/v2\/users\/1"}],"replies":[{"embeddable":true,"href":"https:\/\/webvienthong1.vidoweb.vn\/index.php?rest_route=%2Fwp%2Fv2%2Fcomments&post=23"}],"version-history":[{"count":0,"href":"https:\/\/webvienthong1.vidoweb.vn\/index.php?rest_route=\/wp\/v2\/pages\/23\/revisions"}],"up":[{"embeddable":true,"href":"https:\/\/webvienthong1.vidoweb.vn\/index.php?rest_route=\/wp\/v2\/pages\/80"}],"wp:featuredmedia":[{"embeddable":true,"href":"https:\/\/webvienthong1.vidoweb.vn\/index.php?rest_route=\/wp\/v2\/media\/91"}],"wp:attachment":[{"href":"https:\/\/webvienthong1.vidoweb.vn\/index.php?rest_route=%2Fwp%2Fv2%2Fmedia&parent=23"}],"wp:term":[{"taxonomy":"yst_prominent_words","embeddable":true,"href":"https:\/\/webvienthong1.vidoweb.vn\/index.php?rest_route=%2Fwp%2Fv2%2Fyst_prominent_words&post=23"}],"curies":[{"name":"wp","href":"https:\/\/api.w.org\/{rel}","templated":true}]}}